{"id":54,"date":"2016-02-02T15:18:01","date_gmt":"2016-02-02T15:18:01","guid":{"rendered":"http:\/\/wahlendorf.be\/?page_id=54"},"modified":"2016-02-02T21:18:30","modified_gmt":"2016-02-02T21:18:30","slug":"geschichten-aus-wahlendorf","status":"publish","type":"page","link":"https:\/\/wahlendorf.be\/?page_id=54","title":{"rendered":"Geschichten aus Wahlendorf"},"content":{"rendered":"<p>Geschichten, im M\u00e4rz 1991 niedergeschrieben von Ernst Hegg. Ver\u00f6ffentlicht mit freundlicher Genehmigung von Erika Hegg. Die Sprache wird im Berndeutsch-Dialekt des Autors wiedergegeben.<\/p>\n<p><span style=\"color: #000000;\"><strong>N\u00e4benusse z&#8216; Wahledorf<\/strong><\/span><br \/>\nHinterg\u00f6schene, mit d\u00e4m \u00dcbername hei gw\u00fcssi L\u00fct es chliis Bured\u00f6rfli gmeint. Es isch mi liebi Heimat vo mir Jugendzyt gsi&#8230;.\u00a0\u00a0<strong><a href=\"https:\/\/wahlendorf.be\/wp-content\/uploads\/Naebenusse_z_Wahledorf_01.pdf\" target=\"_blank\" rel=\"\">mehr -&gt;<\/a><\/strong><\/p>\n<p><span style=\"color: #000000;\"><strong>Dr Grogg G\u00f6du<\/strong><\/span><br \/>\nVo dene verschidene Dorfteile isch mir ds Hingerdorf ging wieder eso chley versch\u00fcpft vorcho. Die paar chliine Heimetli si meischtens r\u00e4cht verschoudet u d&#8217;H\u00fcser bouf\u00e4uig gsi&#8230;\u00a0\u00a0\u00a0 <strong><a href=\"https:\/\/wahlendorf.be\/wp-content\/uploads\/Dr_Grogg_Goedu.pdf\" target=\"_blank\" rel=\"\">mehr -&gt;<\/a><\/strong><\/p>\n<p><span style=\"color: #000000;\"><strong>Dr Prolib\u00e4nz<\/strong><\/span><br \/>\nWe me em Hingerdorfstr\u00e4ssli na gange isch, isch me ou amende verlotterete Tagll\u00f6hnerh\u00fc\u00fcsli verbigloffe. Das Gh\u00fctt het eigentlich zumene \u00e4befaus aute e chleii gr\u00f6ssere Bureh\u00fc\u00fcsli gh\u00f6rt, wo vordranne gschtange isch&#8230;\u00a0\u00a0 <strong><a href=\"https:\/\/wahlendorf.be\/wp-content\/uploads\/Dr_Prolibaenz.pdf\" target=\"_blank\" rel=\"\">mehr -&gt;<\/a><\/strong><\/p>\n<p><span style=\"color: #000000;\"><strong>Die L\u00e4ngi Frou Schn\u00e4gg<\/strong><\/span><br \/>\nDobe, g\u00e4ge Houzegge, uf dr Schn\u00e4ggeh\u00f6chi, isch es T\u00e4tschh\u00fcttli gsi, d\u2019Bhusig vo dr Familie Schn\u00e4gg Fritz. Wie m\u00e4ngs Ching, dass dert gsi isch ha ni nie gw\u00fcsst, sicher so es haubs Dotze&#8230;\u00a0\u00a0 <strong><a href=\"https:\/\/wahlendorf.be\/wp-content\/uploads\/Die_laengi_Frou_Schnaegg.pdf\" target=\"_blank\" rel=\"\">mehr -&gt;<\/a><\/strong><\/p>\n<p><span style=\"color: #000000;\"><strong>H\u00e4ises G\u00f6du<\/strong><\/span><br \/>\nDs Burehus mit ere Iifahrt, wo \u00fcbere W\u00e4g f\u00fcert schteit h\u00fct no. Zwee Br\u00fceder hei das Heimetli gha. Dr euter, dr G\u00e4du, isch ledig blibe, w\u00e4hret sy Brueder dr Hans e Frou het gha, mit zwene T\u00f6chtere\u2026\u00a0\u00a0 <strong><a href=\"https:\/\/wahlendorf.be\/wp-content\/uploads\/Haeises_Goedu.pdf\" target=\"_blank\" rel=\"\">mehr -&gt;<\/a><\/strong><\/p>\n<p><span style=\"color: #000000;\"><strong>Dr Uechchrigu<\/strong><\/span><br \/>\nD\u2019Schtatt B\u00e4ern mit ihrne M\u00e4rite het f\u00fcr \u00fcsi Buer e grossi Bed\u00fctig gha. F\u00fcr Fruetig R\u00fcedus ganz bsungers. Dr R\u00fcedu, e chliine Bur, het s\u00e4uber zr\u00fcggzoge gl\u00e4bt\u2026\u00a0 <strong><a href=\"https:\/\/wahlendorf.be\/wp-content\/uploads\/Dr_Uechrigu.pdf\" target=\"_blank\" rel=\"\">mehr -&gt;<\/a><\/strong><\/p>\n<p><span style=\"color: #000000;\"><strong>Dr Chauberm\u00f6\u00f6gu<\/strong><\/span><br \/>\nObe im schattige Waudegge het der Chauberh\u00e4ndler gwohnt. Mi het ihm dr \u00dcbername &#8222;Chauberm\u00f6\u00f6gu&#8220; g\u00e4h, wiu \u00e4r vo d\u00e4m Hoger obeache sym Bueb, em M\u00e4ndu, het m\u00fcesse heir\u00fceffe&#8230;\u00a0 <strong><a href=\"https:\/\/wahlendorf.be\/wp-content\/uploads\/Dr_Chaubermoemegu.pdf\" target=\"_blank\" rel=\"\">mehr -&gt;<\/a><\/strong><\/p>\n","protected":false},"excerpt":{"rendered":"<p>Geschichten, im M\u00e4rz 1991 niedergeschrieben von Ernst Hegg. Ver\u00f6ffentlicht mit freundlicher Genehmigung von Erika Hegg. Die Sprache wird im Berndeutsch-Dialekt des Autors wiedergegeben. N\u00e4benusse z&#8216; Wahledorf Hinterg\u00f6schene, mit d\u00e4m \u00dcbername hei gw\u00fcssi L\u00fct es chliis Bured\u00f6rfli gmeint. Es isch mi liebi Heimat vo mir Jugendzyt gsi&#8230;.\u00a0\u00a0mehr -&gt; Dr Grogg G\u00f6du\u2026<\/p>\n<p class=\"continue-reading-button\"> <a class=\"continue-reading-link\" href=\"https:\/\/wahlendorf.be\/?page_id=54\">.<i class=\"crycon-right-dir\"><\/i><\/a><\/p>\n","protected":false},"author":1,"featured_media":0,"parent":0,"menu_order":60,"comment_status":"closed","ping_status":"closed","template":"","meta":{"footnotes":""},"class_list":["post-54","page","type-page","status-publish","hentry"],"_links":{"self":[{"href":"https:\/\/wahlendorf.be\/index.php?rest_route=\/wp\/v2\/pages\/54","targetHints":{"allow":["GET"]}}],"collection":[{"href":"https:\/\/wahlendorf.be\/index.php?rest_route=\/wp\/v2\/pages"}],"about":[{"href":"https:\/\/wahlendorf.be\/index.php?rest_route=\/wp\/v2\/types\/page"}],"author":[{"embeddable":true,"href":"https:\/\/wahlendorf.be\/index.php?rest_route=\/wp\/v2\/users\/1"}],"replies":[{"embeddable":true,"href":"https:\/\/wahlendorf.be\/index.php?rest_route=%2Fwp%2Fv2%2Fcomments&post=54"}],"version-history":[{"count":20,"href":"https:\/\/wahlendorf.be\/index.php?rest_route=\/wp\/v2\/pages\/54\/revisions"}],"predecessor-version":[{"id":144,"href":"https:\/\/wahlendorf.be\/index.php?rest_route=\/wp\/v2\/pages\/54\/revisions\/144"}],"wp:attachment":[{"href":"https:\/\/wahlendorf.be\/index.php?rest_route=%2Fwp%2Fv2%2Fmedia&parent=54"}],"curies":[{"name":"wp","href":"https:\/\/api.w.org\/{rel}","templated":true}]}}