{"id":48,"date":"2016-02-02T15:12:42","date_gmt":"2016-02-02T15:12:42","guid":{"rendered":"http:\/\/wahlendorf.be\/?page_id=48"},"modified":"2016-02-02T15:16:53","modified_gmt":"2016-02-02T15:16:53","slug":"frienisberg","status":"publish","type":"page","link":"https:\/\/wahlendorf.be\/?page_id=48","title":{"rendered":"Frienisberg"},"content":{"rendered":"<div id=\"attachment_32\" style=\"width: 610px\" class=\"wp-caption alignleft\"><img loading=\"lazy\" decoding=\"async\" aria-describedby=\"caption-attachment-32\" class=\"wp-image-32 size-full\" src=\"https:\/\/wahlendorf.be\/wp-content\/uploads\/frienisberg_um_1670.jpg\" alt=\"frienisberg_um_1670\" width=\"600\" height=\"415\" srcset=\"https:\/\/wahlendorf.be\/wp-content\/uploads\/frienisberg_um_1670.jpg 600w, https:\/\/wahlendorf.be\/wp-content\/uploads\/frienisberg_um_1670-400x277.jpg 400w, https:\/\/wahlendorf.be\/wp-content\/uploads\/frienisberg_um_1670-217x150.jpg 217w, https:\/\/wahlendorf.be\/wp-content\/uploads\/frienisberg_um_1670-150x104.jpg 150w\" sizes=\"auto, (max-width: 600px) 100vw, 600px\" \/><p id=\"caption-attachment-32\" class=\"wp-caption-text\">Frienisberg um 1670<\/p><\/div>\n<p>Ehemaliges Zisterzienserkloster, Gemeinde Seedorf BE. Di\u00f6zese Konstanz. Mutterkloster: L\u00fctzel. Tochterkl\u00f6ster waren Tennenbach (Schwarzwald, bis 1179\/81), Fraubrunnen, Steinen und Tedlingen (Detligen). Gr\u00fcndung 1131-38. Ab Mitte des 13. Jh. wurde Frienisberg auch Aurora genannt. Marienpatrozinium. Aufhebung 1528.<\/p>\n<p>Um 1131 schenkte Gf. Udelhard von Saugern der Zisterzienserabtei L\u00fctzel seinen Besitz am Frienisberg. Die Besiedlung erfolgte 1138 von L\u00fctzel aus. Nach stockenden Anf\u00e4ngen nahm das Kloster in der 1. H\u00e4lfte des 13. Jh. dank Schenkungen einen grossen Aufschwung; 1233 wurden G\u00fcter in Frienisberg, Allenwil, Ried, Tedlingen, Niederwiler, Werd, G\u00e4serz bei Ins und Montils bei Nugerol als Grangien bezeichnet. Ab Mitte des 13. Jh. kam es zu einem allm\u00e4hlichen \u00dcbergang von der Eigen- zur Zinsen- und Zehntenwirtschaft. In der 2. H\u00e4lfte 13. Jh. beteiligte sich das Kloster F. an der Gr\u00fcndung der Frauenkl\u00f6ster Fraubrunnen, Steinen und Tedlingen. Der Grundbesitz umfasste ausser dem Klosterhof ca. 300 Schupposen mit \u00fcber 5&#8217;000 Jucharten Land in 45 D\u00f6rfern im Westen von Bern sowie ca. 282 Mannwerk Reben am Bielersee. Das Kloster besass die Kirchens\u00e4tze von Rapperswil (BE), Seedorf, Nieder-Lyss, Bargen, Sch\u00fcpfen und Grossaffoltern. Die Niedergerichte in Rapperswil, Seedorf, Baggwil, Lobsigen, B\u00fcetigen und Sch\u00fcpfen wurden 1365 dem bern. Landvogt in Aarberg zur Verwaltung \u00fcberlassen. Nutzniesser des wirtschaftl. Niedergangs im 14. Jh. war die Stadt Bern, welche das Kloster 1386 in ihr Burgrecht aufnahm. In den Jahren vor der Reformation kam es zu einer intensiven Baut\u00e4tigkeit. Der letzte Abt, Urs Hirsinger, entzog sich der S\u00e4kularisation durch Flucht nach Hauterive (FR). 1534 wurde die Klosterkirche abgebrochen. Das ehemalige Kloster war ab 1533 eine Spital- und Pfrundanstalt sowie bis 1798 Sitz des bern. Landvogts. 1834 wurde F. zu einer Taubstummenanstalt, 1889 zu einem Alters- und Pflegeheim, als welches es heute noch dient.<\/p>\n<p>Literatur<br \/>\n\u2013 HS III\/3, 128-141<br \/>\n\u2013 Zisterzienserbauten in der Schweiz 2, 1990, 41-56<br \/>\nAutorin\/Autor: Kathrin Utz Tremp<br \/>\nQuelle: Historisches Lexikon der Schweiz<\/p>\n","protected":false},"excerpt":{"rendered":"<p>Ehemaliges Zisterzienserkloster, Gemeinde Seedorf BE. Di\u00f6zese Konstanz. Mutterkloster: L\u00fctzel. Tochterkl\u00f6ster waren Tennenbach (Schwarzwald, bis 1179\/81), Fraubrunnen, Steinen und Tedlingen (Detligen). Gr\u00fcndung 1131-38. Ab Mitte des 13. Jh. wurde Frienisberg auch Aurora genannt. Marienpatrozinium. Aufhebung 1528. Um 1131 schenkte Gf. Udelhard von Saugern der Zisterzienserabtei L\u00fctzel seinen Besitz am Frienisberg. Die\u2026<\/p>\n<p class=\"continue-reading-button\"> <a class=\"continue-reading-link\" href=\"https:\/\/wahlendorf.be\/?page_id=48\">.<i class=\"crycon-right-dir\"><\/i><\/a><\/p>\n","protected":false},"author":1,"featured_media":0,"parent":0,"menu_order":40,"comment_status":"closed","ping_status":"closed","template":"","meta":{"footnotes":""},"class_list":["post-48","page","type-page","status-publish","hentry"],"_links":{"self":[{"href":"https:\/\/wahlendorf.be\/index.php?rest_route=\/wp\/v2\/pages\/48","targetHints":{"allow":["GET"]}}],"collection":[{"href":"https:\/\/wahlendorf.be\/index.php?rest_route=\/wp\/v2\/pages"}],"about":[{"href":"https:\/\/wahlendorf.be\/index.php?rest_route=\/wp\/v2\/types\/page"}],"author":[{"embeddable":true,"href":"https:\/\/wahlendorf.be\/index.php?rest_route=\/wp\/v2\/users\/1"}],"replies":[{"embeddable":true,"href":"https:\/\/wahlendorf.be\/index.php?rest_route=%2Fwp%2Fv2%2Fcomments&post=48"}],"version-history":[{"count":4,"href":"https:\/\/wahlendorf.be\/index.php?rest_route=\/wp\/v2\/pages\/48\/revisions"}],"predecessor-version":[{"id":53,"href":"https:\/\/wahlendorf.be\/index.php?rest_route=\/wp\/v2\/pages\/48\/revisions\/53"}],"wp:attachment":[{"href":"https:\/\/wahlendorf.be\/index.php?rest_route=%2Fwp%2Fv2%2Fmedia&parent=48"}],"curies":[{"name":"wp","href":"https:\/\/api.w.org\/{rel}","templated":true}]}}